{"id":96,"date":"2024-03-17T23:34:07","date_gmt":"2024-03-17T22:34:07","guid":{"rendered":"https:\/\/kosmetik-bad-soden.de\/en\/?page_id=96"},"modified":"2024-03-19T01:16:05","modified_gmt":"2024-03-19T00:16:05","slug":"imprint","status":"publish","type":"page","link":"https:\/\/kosmetik-bad-soden.de\/en\/imprint\/","title":{"rendered":"Imprint"},"content":{"rendered":"<div class=\"contentWrap centered contentMargin\">\n<h1 class=\"normalHeading\">Imprint<\/h1>\n<div id=\"KontaktInfoBox\"><strong>Zum Quellenpark 21<br \/>\n65812 Bad Soden am Taunus<\/strong><\/p>\n<p>DAS PARFUM AND BEAUTY DISTRIBUTION 1912 GMBH<\/p>\n<p><a href=\"mailto:INFO@DASPARFUM-BEAUTY.DE\">INFO@DASPARFUM-BEAUTY.DE<\/a><br \/>\n<a href=\"tel:+4961967668264\">+49 (0) 6196 . 766 82 64<\/a>\n<\/p>\n<\/div>\n<\/div>\n<div class=\"contentWrap centered contentMargin\">\n<p>Umsatzsteuer-ID: DE317186265<\/p>\n<p>Registereintrag: Amtsgericht K\u00f6nigstein HRB 9813<\/p>\n<p>Gesch\u00e4ftsf\u00fchrerin der GmbH: Liljana Jasarovska<\/p>\n<\/div>\n<div class=\"contentWrap centered contentMargin\">\n<h2 class=\"normalHeading\">MARKENRECHT, WETTBEWERBSRECHT UND URHEBERRECHTLICHER KONTAKT<\/h2>\n<p>Sollten Sie der Ansicht sein, dass wir gegen Markenrechte oder Wettbewerbsrecht versto\u00dfen oder dass Inhalte unserer Website Urheberrechte oder sonstige Leistungsschutzrechte verletzen oder wenn Sie eine Frage rechtlicher Art zu unserem Unternehmen und\/oder Internetauftritt haben, nutzen Sie bitte unsere Korrespondenzadresse:<\/p>\n<p>Das Parfum and Beauty Distribution 1912 GmbH<br \/>\nZum Quellenpark 21<br \/>\n65812 Bad Soden am Taunus<\/p>\n<p>E-Mail: info@dasparfum-beauty.de\n<\/p><\/div>\n<div class=\"contentWrap centered contentMargin\">\n<h2 class=\"normalHeading\">URHEBERRECHTLICHER HINWEIS<\/h2>\n<p>Inhalt und Struktur der Internet-Seiten von www.dasparfum-beauty.de und www.dasparfum-beauty-gmbh.de sind urheberrechtlich gesch\u00fctzt. Jegliche Vervielf\u00e4ltigung von Informationen oder Daten, insbesondere die Verwendung von Texten, Textteilen, Bildmaterial oder sonstigen Inhalten bedarf der vorherigen Zustimmung durch den Anbieter bzw. Rechteinhaber.\n<\/p><\/div>\n<div class=\"contentWrap centered contentMargin\">\n<h2 class=\"normalHeading\">ALTERNATIVE STREITBEILEGUNG GEM\u00c4\u00df VERBRAUCHERSTREIT&shy;BEILEGUNGSGESETZ<\/h2>\n<p>Die Plattform der EU-Kommission zur Online-Streitbeilegung finden Sie unter:<br \/>\nhttps:\/\/ec.europa.eu\/consumers\/odr\/<\/p>\n<p>Wir weisen Sie darauf hin, dass wir weder bereit noch verpflichtet sind, an Streitbeilegungsverfahren vor einer Verbraucherschlichtungsstelle teilzunehmen.\n<\/p><\/div>\n","protected":false},"excerpt":{"rendered":"<p>Imprint Zum Quellenpark 21 65812 Bad Soden am Taunus DAS PARFUM AND BEAUTY DISTRIBUTION 1912 GMBH INFO@DASPARFUM-BEAUTY.DE +49 (0) 6196 . 766 82 64 Umsatzsteuer-ID: DE317186265 Registereintrag: Amtsgericht K\u00f6nigstein HRB 9813 Gesch\u00e4ftsf\u00fchrerin der GmbH: Liljana Jasarovska MARKENRECHT, WETTBEWERBSRECHT UND URHEBERRECHTLICHER KONTAKT Sollten Sie der Ansicht sein, dass wir gegen Markenrechte oder Wettbewerbsrecht versto\u00dfen oder dass [&hellip;]<\/p>\n","protected":false},"author":1,"featured_media":0,"parent":0,"menu_order":0,"comment_status":"closed","ping_status":"closed","template":"","meta":{"footnotes":""},"class_list":["post-96","page","type-page","status-publish","hentry"],"yoast_head":"<!-- This site is optimized with the Yoast SEO plugin v25.6 - https:\/\/yoast.com\/wordpress\/plugins\/seo\/ -->\n<title>Imprint - Cosmetics Bad Soden | DAS PARFUM &amp; BEAUTY<\/title>\n<meta name=\"robots\" content=\"index, follow, max-snippet:-1, max-image-preview:large, max-video-preview:-1\" \/>\n<link rel=\"canonical\" href=\"https:\/\/kosmetik-bad-soden.de\/en\/imprint\/\" \/>\n<meta property=\"og:locale\" content=\"en_GB\" \/>\n<meta property=\"og:type\" content=\"article\" \/>\n<meta property=\"og:title\" content=\"Imprint - Cosmetics Bad Soden | DAS PARFUM &amp; BEAUTY\" \/>\n<meta property=\"og:description\" content=\"Imprint Zum Quellenpark 21 65812 Bad Soden am Taunus DAS PARFUM AND BEAUTY DISTRIBUTION 1912 GMBH INFO@DASPARFUM-BEAUTY.DE +49 (0) 6196 . 766 82 64 Umsatzsteuer-ID: DE317186265 Registereintrag: Amtsgericht K\u00f6nigstein HRB 9813 Gesch\u00e4ftsf\u00fchrerin der GmbH: Liljana Jasarovska MARKENRECHT, WETTBEWERBSRECHT UND URHEBERRECHTLICHER KONTAKT Sollten Sie der Ansicht sein, dass wir gegen Markenrechte oder Wettbewerbsrecht versto\u00dfen oder dass [&hellip;]\" \/>\n<meta property=\"og:url\" content=\"https:\/\/kosmetik-bad-soden.de\/en\/imprint\/\" \/>\n<meta property=\"og:site_name\" content=\"Cosmetics Bad Soden | DAS PARFUM &amp; BEAUTY\" \/>\n<meta property=\"article:modified_time\" content=\"2024-03-19T00:16:05+00:00\" \/>\n<meta name=\"twitter:card\" content=\"summary_large_image\" \/>\n<meta name=\"twitter:label1\" content=\"Estimated reading time\" \/>\n\t<meta name=\"twitter:data1\" content=\"1 minute\" \/>\n<script type=\"application\/ld+json\" class=\"yoast-schema-graph\">{\"@context\":\"https:\/\/schema.org\",\"@graph\":[{\"@type\":\"WebPage\",\"@id\":\"https:\/\/kosmetik-bad-soden.de\/en\/imprint\/\",\"url\":\"https:\/\/kosmetik-bad-soden.de\/en\/imprint\/\",\"name\":\"Imprint - Cosmetics Bad Soden | DAS PARFUM &amp; BEAUTY\",\"isPartOf\":{\"@id\":\"https:\/\/kosmetik-bad-soden.de\/en\/#website\"},\"datePublished\":\"2024-03-17T22:34:07+00:00\",\"dateModified\":\"2024-03-19T00:16:05+00:00\",\"breadcrumb\":{\"@id\":\"https:\/\/kosmetik-bad-soden.de\/en\/imprint\/#breadcrumb\"},\"inLanguage\":\"en-GB\",\"potentialAction\":[{\"@type\":\"ReadAction\",\"target\":[\"https:\/\/kosmetik-bad-soden.de\/en\/imprint\/\"]}]},{\"@type\":\"BreadcrumbList\",\"@id\":\"https:\/\/kosmetik-bad-soden.de\/en\/imprint\/#breadcrumb\",\"itemListElement\":[{\"@type\":\"ListItem\",\"position\":1,\"name\":\"Startseite\",\"item\":\"https:\/\/kosmetik-bad-soden.de\/en\/\"},{\"@type\":\"ListItem\",\"position\":2,\"name\":\"Imprint\"}]},{\"@type\":\"WebSite\",\"@id\":\"https:\/\/kosmetik-bad-soden.de\/en\/#website\",\"url\":\"https:\/\/kosmetik-bad-soden.de\/en\/\",\"name\":\"Cosmetics Bad Soden | DAS PARFUM &amp; BEAUTY\",\"description\":\"\",\"potentialAction\":[{\"@type\":\"SearchAction\",\"target\":{\"@type\":\"EntryPoint\",\"urlTemplate\":\"https:\/\/kosmetik-bad-soden.de\/en\/?s={search_term_string}\"},\"query-input\":{\"@type\":\"PropertyValueSpecification\",\"valueRequired\":true,\"valueName\":\"search_term_string\"}}],\"inLanguage\":\"en-GB\"}]}<\/script>\n<!-- \/ Yoast SEO plugin. -->","yoast_head_json":{"title":"Imprint - Cosmetics Bad Soden | DAS PARFUM &amp; BEAUTY","robots":{"index":"index","follow":"follow","max-snippet":"max-snippet:-1","max-image-preview":"max-image-preview:large","max-video-preview":"max-video-preview:-1"},"canonical":"https:\/\/kosmetik-bad-soden.de\/en\/imprint\/","og_locale":"en_GB","og_type":"article","og_title":"Imprint - Cosmetics Bad Soden | DAS PARFUM &amp; BEAUTY","og_description":"Imprint Zum Quellenpark 21 65812 Bad Soden am Taunus DAS PARFUM AND BEAUTY DISTRIBUTION 1912 GMBH INFO@DASPARFUM-BEAUTY.DE +49 (0) 6196 . 766 82 64 Umsatzsteuer-ID: DE317186265 Registereintrag: Amtsgericht K\u00f6nigstein HRB 9813 Gesch\u00e4ftsf\u00fchrerin der GmbH: Liljana Jasarovska MARKENRECHT, WETTBEWERBSRECHT UND URHEBERRECHTLICHER KONTAKT Sollten Sie der Ansicht sein, dass wir gegen Markenrechte oder Wettbewerbsrecht versto\u00dfen oder dass [&hellip;]","og_url":"https:\/\/kosmetik-bad-soden.de\/en\/imprint\/","og_site_name":"Cosmetics Bad Soden | DAS PARFUM &amp; BEAUTY","article_modified_time":"2024-03-19T00:16:05+00:00","twitter_card":"summary_large_image","twitter_misc":{"Estimated reading time":"1 minute"},"schema":{"@context":"https:\/\/schema.org","@graph":[{"@type":"WebPage","@id":"https:\/\/kosmetik-bad-soden.de\/en\/imprint\/","url":"https:\/\/kosmetik-bad-soden.de\/en\/imprint\/","name":"Imprint - Cosmetics Bad Soden | DAS PARFUM &amp; BEAUTY","isPartOf":{"@id":"https:\/\/kosmetik-bad-soden.de\/en\/#website"},"datePublished":"2024-03-17T22:34:07+00:00","dateModified":"2024-03-19T00:16:05+00:00","breadcrumb":{"@id":"https:\/\/kosmetik-bad-soden.de\/en\/imprint\/#breadcrumb"},"inLanguage":"en-GB","potentialAction":[{"@type":"ReadAction","target":["https:\/\/kosmetik-bad-soden.de\/en\/imprint\/"]}]},{"@type":"BreadcrumbList","@id":"https:\/\/kosmetik-bad-soden.de\/en\/imprint\/#breadcrumb","itemListElement":[{"@type":"ListItem","position":1,"name":"Startseite","item":"https:\/\/kosmetik-bad-soden.de\/en\/"},{"@type":"ListItem","position":2,"name":"Imprint"}]},{"@type":"WebSite","@id":"https:\/\/kosmetik-bad-soden.de\/en\/#website","url":"https:\/\/kosmetik-bad-soden.de\/en\/","name":"Cosmetics Bad Soden | DAS PARFUM &amp; BEAUTY","description":"","potentialAction":[{"@type":"SearchAction","target":{"@type":"EntryPoint","urlTemplate":"https:\/\/kosmetik-bad-soden.de\/en\/?s={search_term_string}"},"query-input":{"@type":"PropertyValueSpecification","valueRequired":true,"valueName":"search_term_string"}}],"inLanguage":"en-GB"}]}},"_links":{"self":[{"href":"https:\/\/kosmetik-bad-soden.de\/en\/wp-json\/wp\/v2\/pages\/96","targetHints":{"allow":["GET"]}}],"collection":[{"href":"https:\/\/kosmetik-bad-soden.de\/en\/wp-json\/wp\/v2\/pages"}],"about":[{"href":"https:\/\/kosmetik-bad-soden.de\/en\/wp-json\/wp\/v2\/types\/page"}],"author":[{"embeddable":true,"href":"https:\/\/kosmetik-bad-soden.de\/en\/wp-json\/wp\/v2\/users\/1"}],"replies":[{"embeddable":true,"href":"https:\/\/kosmetik-bad-soden.de\/en\/wp-json\/wp\/v2\/comments?post=96"}],"version-history":[{"count":11,"href":"https:\/\/kosmetik-bad-soden.de\/en\/wp-json\/wp\/v2\/pages\/96\/revisions"}],"predecessor-version":[{"id":268,"href":"https:\/\/kosmetik-bad-soden.de\/en\/wp-json\/wp\/v2\/pages\/96\/revisions\/268"}],"wp:attachment":[{"href":"https:\/\/kosmetik-bad-soden.de\/en\/wp-json\/wp\/v2\/media?parent=96"}],"curies":[{"name":"wp","href":"https:\/\/api.w.org\/{rel}","templated":true}]}}